{"id":800,"date":"2025-06-12T14:22:54","date_gmt":"2025-06-12T12:22:54","guid":{"rendered":"https:\/\/lovely-home.hu\/?page_id=800"},"modified":"2025-06-12T14:22:54","modified_gmt":"2025-06-12T12:22:54","slug":"altalanos-szerzodesi-feltetelek","status":"publish","type":"page","link":"https:\/\/lovely-home.hu\/en\/altalanos-szerzodesi-feltetelek\/","title":{"rendered":"\u00c1ltal\u00e1nos Szerz\u0151d\u00e9si Felt\u00e9telek"},"content":{"rendered":"<ol>\n<li>Szolg\u00e1ltat\u00f3 adatai:<\/li>\n<\/ol>\n<p>N\u00e9v: So\u00f3s-V\u00e1ri M\u00e1ria Johanna<\/p>\n<p>Sz\u00e9khely: 1139 Budapest, Orsz\u00e1gb\u00edr\u00f3 u 42.<\/p>\n<p>Ad\u00f3sz\u00e1m: 66808761141<\/p>\n<p>Nyilv\u00e1ntart\u00e1si sz\u00e1m: 39404284<\/p>\n<p>Email: info@lovely-home.hu<\/p>\n<p>Telefonsz\u00e1m: +36305922021<\/p>\n<p>Tov\u00e1bbi inform\u00e1ci\u00f3k: www.lovely-home.hu<\/p>\n<ol start=\"2\">\n<li>Alapfogalmak<\/li>\n<\/ol>\n<p>Vend\u00e9g\/Felhaszn\u00e1l\u00f3: az a szem\u00e9ly, aki a weboldalon kereszt\u00fcl sz\u00e1ll\u00e1st foglal vagy foglal\u00e1si sz\u00e1nd\u00e9k\u00e1t jelzi.<\/p>\n<p>Szolg\u00e1ltat\u00f3: a sz\u00e1ll\u00e1st ny\u00fajt\u00f3 szem\u00e9ly vagy v\u00e1llalkoz\u00e1s.<\/p>\n<p>Foglal\u00e1s: a weboldalon kereszt\u00fcl leadott id\u0151pontfoglal\u00e1s, amely a visszaigazol\u00e1ssal egy\u00fcd\u00f6tt szerz\u0151d\u00e9snek min\u0151s\u00fcl.<\/p>\n<ol start=\"3\">\n<li>A szerz\u0151d\u00e9s t\u00e1rgya<\/li>\n<\/ol>\n<p>A Szolg\u00e1ltat\u00f3 a weboldalon megjelen\u0151 felt\u00e9telek szerint sz\u00e1ll\u00e1st biztos\u00edt a Vend\u00e9gnek az \u00e1ltala lefoglalt id\u0151szakban, a kiv\u00e1lasztott lak\u00e1sban, a megadott \u00e1rakon \u00e9s felt\u00e9telekkel.<\/p>\n<ol start=\"4\">\n<li>Foglal\u00e1s menete<\/li>\n<\/ol>\n<p>A weboldalon tal\u00e1lhat\u00f3 \u0171rlapon kereszt\u00fcl vagy emailben lehet foglalni.<\/p>\n<p>A foglal\u00e1s akkor v\u00e1lik v\u00e9glegess\u00e9, ha a Szolg\u00e1ltat\u00f3 \u00edr\u00e1sban visszaigazolja.<\/p>\n<p>A foglal\u00e1s d\u00edj\u00e1nak el\u0151re t\u00f6rt\u00e9n\u0151 kiegyenl\u00edt\u00e9se a foglal\u00e1s felt\u00e9tele.<\/p>\n<ol start=\"5\">\n<li>Fizet\u00e9si felt\u00e9telek<\/li>\n<\/ol>\n<p>A fizet\u00e9s t\u00f6rt\u00e9nhet banki \u00e1tutal\u00e1ssal vagy egy\u00e9b el\u0151re egyeztetett m\u00f3don.<\/p>\n<p>A foglal\u00e1s akkor v\u00e1lik \u00e9rv\u00e9nyess\u00e9, ha a d\u00edj be\u00e9rkezett.<\/p>\n<ol start=\"6\">\n<li>Lemond\u00e1s \u00e9s m\u00f3dos\u00edt\u00e1s<\/li>\n<\/ol>\n<p>Lemond\u00e1s \u00e9rkez\u00e9s el\u0151tt 21 nappal ingyenes.<\/p>\n<p>20 napon bel\u00fcli lemond\u00e1s eset\u00e9n a sz\u00e1ll\u00e1sd\u00edj 100%-a fizetend\u0151.<\/p>\n<p>M\u00f3dos\u00edt\u00e1s (id\u0151pont vagy l\u00e9tsz\u00e1m) el\u0151zetes egyeztet\u00e9ssel lehets\u00e9ges.<\/p>\n<ol start=\"7\">\n<li>Sz\u00e1ll\u00e1s ig\u00e9nybev\u00e9tele<\/li>\n<\/ol>\n<p>A sz\u00e1ll\u00e1s elfoglal\u00e1sa: \u00e9rkez\u00e9s napj\u00e1n 14:00-t\u00f3l<\/p>\n<p>T\u00e1voz\u00e1s: legk\u00e9s\u0151bb 11:00-ig<\/p>\n<p>K\u00e9s\u0151i kijelentkez\u00e9s vagy korai \u00e9rkez\u00e9s csak el\u0151zetes egyeztet\u00e9ssel lehets\u00e9ges.<\/p>\n<ol start=\"8\">\n<li>Vend\u00e9gek sz\u00e1ma, magatart\u00e1s<\/li>\n<\/ol>\n<p>A lak\u00e1st csak az el\u0151re egyeztetett l\u00e9tsz\u00e1mban lehet haszn\u00e1lni.<\/p>\n<p>A h\u00e1zirend betart\u00e1sa k\u00f6telez\u0151, melyet foglal\u00e1s el\u0151tt a Vend\u00e9g elfogad.<\/p>\n<ol start=\"9\">\n<li>Adatkezel\u00e9s<\/li>\n<\/ol>\n<p>A sz\u00e1ll\u00e1sszolg\u00e1ltat\u00e1s ig\u00e9nybev\u00e9tele sor\u00e1n megadott szem\u00e9lyes adatok kezel\u00e9se az adatkezel\u00e9si t\u00e1j\u00e9koztat\u00f3 szerint t\u00f6rt\u00e9nik, mely itt \u00e9rhet\u0151 el: [link: <a href=\"https:\/\/lovely-home.hu\/adatkezelesi-tajekoztato\/\">https:\/\/lovely-home.hu\/adatkezelesi-tajekoztato\/<\/a> ]<\/p>\n<ol start=\"10\">\n<li>Panaszkezel\u00e9s<\/li>\n<\/ol>\n<p>A vend\u00e9g panaszait a fenti el\u00e9rhet\u0151s\u00e9gek valamelyik\u00e9n jelezheti.<\/p>\n<p>A panaszt a Szolg\u00e1ltat\u00f3 15 munkanapon bel\u00fcl kivizsg\u00e1lja \u00e9s \u00edr\u00e1sban v\u00e1laszol.<\/p>\n<ol start=\"11\">\n<li>Felel\u0151ss\u00e9gv\u00e1llal\u00e1s<\/li>\n<\/ol>\n<p>A Szolg\u00e1ltat\u00f3 nem v\u00e1llal felel\u0151ss\u00e9get olyan esem\u00e9nyek\u00e9rt, amelyek rajta k\u00edv\u00fcli okb\u00f3l (pl. vis maior, \u00e1ramsz\u00fcnet, internetszolg\u00e1ltat\u00e1s kimarad\u00e1sa) t\u00f6rt\u00e9nnek.<\/p>\n<ol start=\"12\">\n<li>Jogvit\u00e1k rendez\u00e9se<\/li>\n<\/ol>\n<p>A felek vit\u00e1s k\u00e9rd\u00e9seiket els\u0151sorban b\u00e9k\u00e9s \u00faton, egyeztet\u00e9ssel pr\u00f3b\u00e1lj\u00e1k rendezni.<\/p>\n<p>Ennek sikertelens\u00e9ge eset\u00e9n a hat\u00e1sk\u00f6rrel \u00e9s illet\u00e9kess\u00e9ggel rendelkez\u0151 b\u00edr\u00f3s\u00e1g j\u00e1r el.<\/p>\n<ol start=\"13\">\n<li>Z\u00e1r\u00f3 rendelkez\u00e9sek<\/li>\n<\/ol>\n<p>A Szolg\u00e1ltat\u00f3 fenntartja a jogot, hogy az \u00c1SZF-et el\u0151zetes \u00e9rtes\u00edt\u00e9s n\u00e9lk\u00fcl m\u00f3dos\u00edtsa.<\/p>\n<p>A foglal\u00e1s lead\u00e1s\u00e1val a vend\u00e9g kijelenti, hogy az \u00c1SZF-et \u00e9s a h\u00e1zirendet megismerte, elfogadja \u00e9s mag\u00e1ra n\u00e9zve k\u00f6telez\u0151nek tekinti.<\/p>\n<p>&nbsp;<\/p>\n<p>&nbsp;<\/p>\n","protected":false},"excerpt":{"rendered":"<p>Szolg\u00e1ltat\u00f3 adatai: N\u00e9v: So\u00f3s-V\u00e1ri M\u00e1ria Johanna Sz\u00e9khely: 1139 Budapest, Orsz\u00e1gb\u00edr\u00f3 u 42. Ad\u00f3sz\u00e1m: 66808761141 Nyilv\u00e1ntart\u00e1si sz\u00e1m: 39404284 Email: info@lovely-home.hu Telefonsz\u00e1m: +36305922021 Tov\u00e1bbi inform\u00e1ci\u00f3k: www.lovely-home.hu Alapfogalmak Vend\u00e9g\/Felhaszn\u00e1l\u00f3: az a szem\u00e9ly, aki a weboldalon kereszt\u00fcl sz\u00e1ll\u00e1st foglal vagy foglal\u00e1si sz\u00e1nd\u00e9k\u00e1t jelzi. Szolg\u00e1ltat\u00f3: a sz\u00e1ll\u00e1st ny\u00fajt\u00f3 szem\u00e9ly vagy v\u00e1llalkoz\u00e1s. Foglal\u00e1s: a weboldalon kereszt\u00fcl leadott id\u0151pontfoglal\u00e1s, amely a visszaigazol\u00e1ssal [&hellip;]<\/p>\n","protected":false},"author":1,"featured_media":0,"parent":0,"menu_order":0,"comment_status":"closed","ping_status":"closed","template":"","meta":{"footnotes":""},"class_list":["post-800","page","type-page","status-publish","hentry"],"yoast_head":"<!-- This site is optimized with the Yoast SEO plugin v27.2 - https:\/\/yoast.com\/product\/yoast-seo-wordpress\/ -->\n<title>\u00c1ltal\u00e1nos Szerz\u0151d\u00e9si Felt\u00e9telek - Lovely-home<\/title>\n<meta name=\"robots\" content=\"index, follow, max-snippet:-1, max-image-preview:large, max-video-preview:-1\" \/>\n<link rel=\"canonical\" href=\"https:\/\/lovely-home.hu\/en\/altalanos-szerzodesi-feltetelek\/\" \/>\n<meta property=\"og:locale\" content=\"en_GB\" \/>\n<meta property=\"og:type\" content=\"article\" \/>\n<meta property=\"og:title\" content=\"\u00c1ltal\u00e1nos Szerz\u0151d\u00e9si Felt\u00e9telek - Lovely-home\" \/>\n<meta property=\"og:description\" content=\"Szolg\u00e1ltat\u00f3 adatai: N\u00e9v: So\u00f3s-V\u00e1ri M\u00e1ria Johanna Sz\u00e9khely: 1139 Budapest, Orsz\u00e1gb\u00edr\u00f3 u 42. Ad\u00f3sz\u00e1m: 66808761141 Nyilv\u00e1ntart\u00e1si sz\u00e1m: 39404284 Email: info@lovely-home.hu Telefonsz\u00e1m: +36305922021 Tov\u00e1bbi inform\u00e1ci\u00f3k: www.lovely-home.hu Alapfogalmak Vend\u00e9g\/Felhaszn\u00e1l\u00f3: az a szem\u00e9ly, aki a weboldalon kereszt\u00fcl sz\u00e1ll\u00e1st foglal vagy foglal\u00e1si sz\u00e1nd\u00e9k\u00e1t jelzi. Szolg\u00e1ltat\u00f3: a sz\u00e1ll\u00e1st ny\u00fajt\u00f3 szem\u00e9ly vagy v\u00e1llalkoz\u00e1s. Foglal\u00e1s: a weboldalon kereszt\u00fcl leadott id\u0151pontfoglal\u00e1s, amely a visszaigazol\u00e1ssal [&hellip;]\" \/>\n<meta property=\"og:url\" content=\"https:\/\/lovely-home.hu\/en\/altalanos-szerzodesi-feltetelek\/\" \/>\n<meta property=\"og:site_name\" content=\"Lovely-home\" \/>\n<meta property=\"og:image\" content=\"https:\/\/lovely-home.hu\/wp-content\/uploads\/2024\/01\/IMG_2221-masolat-Nagy.jpg\" \/>\n\t<meta property=\"og:image:width\" content=\"1440\" \/>\n\t<meta property=\"og:image:height\" content=\"1080\" \/>\n\t<meta property=\"og:image:type\" content=\"image\/jpeg\" \/>\n<meta name=\"twitter:card\" content=\"summary_large_image\" \/>\n<meta name=\"twitter:label1\" content=\"Estimated reading time\" \/>\n\t<meta name=\"twitter:data1\" content=\"2 minutes\" \/>\n<script type=\"application\/ld+json\" class=\"yoast-schema-graph\">{\"@context\":\"https:\/\/schema.org\",\"@graph\":[{\"@type\":\"WebPage\",\"@id\":\"https:\/\/lovely-home.hu\/altalanos-szerzodesi-feltetelek\/\",\"url\":\"https:\/\/lovely-home.hu\/altalanos-szerzodesi-feltetelek\/\",\"name\":\"\u00c1ltal\u00e1nos Szerz\u0151d\u00e9si Felt\u00e9telek - Lovely-home\",\"isPartOf\":{\"@id\":\"https:\/\/lovely-home.hu\/#website\"},\"datePublished\":\"2025-06-12T12:22:54+00:00\",\"breadcrumb\":{\"@id\":\"https:\/\/lovely-home.hu\/altalanos-szerzodesi-feltetelek\/#breadcrumb\"},\"inLanguage\":\"en-GB\",\"potentialAction\":[{\"@type\":\"ReadAction\",\"target\":[\"https:\/\/lovely-home.hu\/altalanos-szerzodesi-feltetelek\/\"]}]},{\"@type\":\"BreadcrumbList\",\"@id\":\"https:\/\/lovely-home.hu\/altalanos-szerzodesi-feltetelek\/#breadcrumb\",\"itemListElement\":[{\"@type\":\"ListItem\",\"position\":1,\"name\":\"Kezd\u0151lap\",\"item\":\"https:\/\/lovely-home.hu\/\"},{\"@type\":\"ListItem\",\"position\":2,\"name\":\"\u00c1ltal\u00e1nos Szerz\u0151d\u00e9si Felt\u00e9telek\"}]},{\"@type\":\"WebSite\",\"@id\":\"https:\/\/lovely-home.hu\/#website\",\"url\":\"https:\/\/lovely-home.hu\/\",\"name\":\"Lovely-home\",\"description\":\"Kiad\u00f3 lak\u00e1s Angyalf\u00f6ld\u00f6n priv\u00e1t parkol\u00f3val\",\"publisher\":{\"@id\":\"https:\/\/lovely-home.hu\/#organization\"},\"potentialAction\":[{\"@type\":\"SearchAction\",\"target\":{\"@type\":\"EntryPoint\",\"urlTemplate\":\"https:\/\/lovely-home.hu\/?s={search_term_string}\"},\"query-input\":{\"@type\":\"PropertyValueSpecification\",\"valueRequired\":true,\"valueName\":\"search_term_string\"}}],\"inLanguage\":\"en-GB\"},{\"@type\":\"Organization\",\"@id\":\"https:\/\/lovely-home.hu\/#organization\",\"name\":\"Lovely-home\",\"url\":\"https:\/\/lovely-home.hu\/\",\"logo\":{\"@type\":\"ImageObject\",\"inLanguage\":\"en-GB\",\"@id\":\"https:\/\/lovely-home.hu\/#\/schema\/logo\/image\/\",\"url\":\"https:\/\/lovely-home.hu\/wp-content\/uploads\/2024\/01\/cropped-logo-masolat-1.png\",\"contentUrl\":\"https:\/\/lovely-home.hu\/wp-content\/uploads\/2024\/01\/cropped-logo-masolat-1.png\",\"width\":425,\"height\":171,\"caption\":\"Lovely-home\"},\"image\":{\"@id\":\"https:\/\/lovely-home.hu\/#\/schema\/logo\/image\/\"}}]}<\/script>\n<!-- \/ Yoast SEO plugin. -->","yoast_head_json":{"title":"\u00c1ltal\u00e1nos Szerz\u0151d\u00e9si Felt\u00e9telek - Lovely-home","robots":{"index":"index","follow":"follow","max-snippet":"max-snippet:-1","max-image-preview":"max-image-preview:large","max-video-preview":"max-video-preview:-1"},"canonical":"https:\/\/lovely-home.hu\/en\/altalanos-szerzodesi-feltetelek\/","og_locale":"en_GB","og_type":"article","og_title":"\u00c1ltal\u00e1nos Szerz\u0151d\u00e9si Felt\u00e9telek - Lovely-home","og_description":"Szolg\u00e1ltat\u00f3 adatai: N\u00e9v: So\u00f3s-V\u00e1ri M\u00e1ria Johanna Sz\u00e9khely: 1139 Budapest, Orsz\u00e1gb\u00edr\u00f3 u 42. Ad\u00f3sz\u00e1m: 66808761141 Nyilv\u00e1ntart\u00e1si sz\u00e1m: 39404284 Email: info@lovely-home.hu Telefonsz\u00e1m: +36305922021 Tov\u00e1bbi inform\u00e1ci\u00f3k: www.lovely-home.hu Alapfogalmak Vend\u00e9g\/Felhaszn\u00e1l\u00f3: az a szem\u00e9ly, aki a weboldalon kereszt\u00fcl sz\u00e1ll\u00e1st foglal vagy foglal\u00e1si sz\u00e1nd\u00e9k\u00e1t jelzi. Szolg\u00e1ltat\u00f3: a sz\u00e1ll\u00e1st ny\u00fajt\u00f3 szem\u00e9ly vagy v\u00e1llalkoz\u00e1s. Foglal\u00e1s: a weboldalon kereszt\u00fcl leadott id\u0151pontfoglal\u00e1s, amely a visszaigazol\u00e1ssal [&hellip;]","og_url":"https:\/\/lovely-home.hu\/en\/altalanos-szerzodesi-feltetelek\/","og_site_name":"Lovely-home","og_image":[{"width":1440,"height":1080,"url":"https:\/\/lovely-home.hu\/wp-content\/uploads\/2024\/01\/IMG_2221-masolat-Nagy.jpg","type":"image\/jpeg"}],"twitter_card":"summary_large_image","twitter_misc":{"Estimated reading time":"2 minutes"},"schema":{"@context":"https:\/\/schema.org","@graph":[{"@type":"WebPage","@id":"https:\/\/lovely-home.hu\/altalanos-szerzodesi-feltetelek\/","url":"https:\/\/lovely-home.hu\/altalanos-szerzodesi-feltetelek\/","name":"\u00c1ltal\u00e1nos Szerz\u0151d\u00e9si Felt\u00e9telek - Lovely-home","isPartOf":{"@id":"https:\/\/lovely-home.hu\/#website"},"datePublished":"2025-06-12T12:22:54+00:00","breadcrumb":{"@id":"https:\/\/lovely-home.hu\/altalanos-szerzodesi-feltetelek\/#breadcrumb"},"inLanguage":"en-GB","potentialAction":[{"@type":"ReadAction","target":["https:\/\/lovely-home.hu\/altalanos-szerzodesi-feltetelek\/"]}]},{"@type":"BreadcrumbList","@id":"https:\/\/lovely-home.hu\/altalanos-szerzodesi-feltetelek\/#breadcrumb","itemListElement":[{"@type":"ListItem","position":1,"name":"Kezd\u0151lap","item":"https:\/\/lovely-home.hu\/"},{"@type":"ListItem","position":2,"name":"\u00c1ltal\u00e1nos Szerz\u0151d\u00e9si Felt\u00e9telek"}]},{"@type":"WebSite","@id":"https:\/\/lovely-home.hu\/#website","url":"https:\/\/lovely-home.hu\/","name":"Lovely-home","description":"Apartment for rent in Angyalf\u00f6ld with private parking","publisher":{"@id":"https:\/\/lovely-home.hu\/#organization"},"potentialAction":[{"@type":"SearchAction","target":{"@type":"EntryPoint","urlTemplate":"https:\/\/lovely-home.hu\/?s={search_term_string}"},"query-input":{"@type":"PropertyValueSpecification","valueRequired":true,"valueName":"search_term_string"}}],"inLanguage":"en-GB"},{"@type":"Organization","@id":"https:\/\/lovely-home.hu\/#organization","name":"Lovely-home","url":"https:\/\/lovely-home.hu\/","logo":{"@type":"ImageObject","inLanguage":"en-GB","@id":"https:\/\/lovely-home.hu\/#\/schema\/logo\/image\/","url":"https:\/\/lovely-home.hu\/wp-content\/uploads\/2024\/01\/cropped-logo-masolat-1.png","contentUrl":"https:\/\/lovely-home.hu\/wp-content\/uploads\/2024\/01\/cropped-logo-masolat-1.png","width":425,"height":171,"caption":"Lovely-home"},"image":{"@id":"https:\/\/lovely-home.hu\/#\/schema\/logo\/image\/"}}]}},"_links":{"self":[{"href":"https:\/\/lovely-home.hu\/en\/wp-json\/wp\/v2\/pages\/800","targetHints":{"allow":["GET"]}}],"collection":[{"href":"https:\/\/lovely-home.hu\/en\/wp-json\/wp\/v2\/pages"}],"about":[{"href":"https:\/\/lovely-home.hu\/en\/wp-json\/wp\/v2\/types\/page"}],"author":[{"embeddable":true,"href":"https:\/\/lovely-home.hu\/en\/wp-json\/wp\/v2\/users\/1"}],"replies":[{"embeddable":true,"href":"https:\/\/lovely-home.hu\/en\/wp-json\/wp\/v2\/comments?post=800"}],"version-history":[{"count":1,"href":"https:\/\/lovely-home.hu\/en\/wp-json\/wp\/v2\/pages\/800\/revisions"}],"predecessor-version":[{"id":801,"href":"https:\/\/lovely-home.hu\/en\/wp-json\/wp\/v2\/pages\/800\/revisions\/801"}],"wp:attachment":[{"href":"https:\/\/lovely-home.hu\/en\/wp-json\/wp\/v2\/media?parent=800"}],"curies":[{"name":"wp","href":"https:\/\/api.w.org\/{rel}","templated":true}]}}