{"id":312,"date":"2024-01-14T20:07:20","date_gmt":"2024-01-14T19:07:20","guid":{"rendered":"https:\/\/lovely-home.hu\/?page_id=312"},"modified":"2024-01-14T20:07:53","modified_gmt":"2024-01-14T19:07:53","slug":"impresszum","status":"publish","type":"page","link":"https:\/\/lovely-home.hu\/en\/impresszum\/","title":{"rendered":"Impressum"},"content":{"rendered":"<div data-elementor-type=\"wp-page\" data-elementor-id=\"312\" class=\"elementor elementor-312\" data-elementor-post-type=\"page\">\n\t\t\t\t<div class=\"elementor-element elementor-element-2db508a e-flex e-con-boxed e-con e-parent\" data-id=\"2db508a\" data-element_type=\"container\" data-e-type=\"container\">\n\t\t\t\t\t<div class=\"e-con-inner\">\n\t\t\t\t<div class=\"elementor-element elementor-element-30fa11f elementor-widget elementor-widget-text-editor\" data-id=\"30fa11f\" data-element_type=\"widget\" data-e-type=\"widget\" data-widget_type=\"text-editor.default\">\n\t\t\t\t<div class=\"elementor-widget-container\">\n\t\t\t\t\t\t\t\t\t<p><strong>A honlap fenntart\u00f3ja \u00e9s tulajdonosa:<\/strong><\/p><ul><li><strong>N\u00e9v:<\/strong> So\u00f3s-V\u00e1ri M\u00e1ria Johanna<\/li><li><strong>C\u00edm:<\/strong> 1139 Budapest, Orsz\u00e1gb\u00edr\u00f3 u. 42. 5\/118<\/li><li><strong>E-mail:<\/strong> info@lovely-home.hu<\/li><li><strong>Web:<\/strong> https:\/\/lovely-home.hu<\/li><li><strong>Ad\u00f3sz\u00e1m:<\/strong> 66808761-1-41<\/li><\/ul><p>\u00a0<\/p><p><strong>A honlap t\u00e1rhely szolg\u00e1ltat\u00f3ja:<\/strong><\/p><ul><li>Code4flow Korl\u00e1tolt Felel\u0151ss\u00e9g\u0171 T\u00e1rsas\u00e1g<\/li><li>6721 Szeged, Szil\u00e1gyi utca 2.<\/li><li>contact@code4flow.com<\/li><li><strong>Web:<\/strong>\u00a0https:\/\/code4flow.com<\/li><li><strong>Ad\u00f3sz\u00e1m:<\/strong>\u00a026733865-2-06<\/li><\/ul>\t\t\t\t\t\t\t\t<\/div>\n\t\t\t\t<\/div>\n\t\t\t\t\t<\/div>\n\t\t\t\t<\/div>\n\t\t\t\t<\/div>","protected":false},"excerpt":{"rendered":"<p>A honlap fenntart\u00f3ja \u00e9s tulajdonosa: N\u00e9v: So\u00f3s-V\u00e1ri M\u00e1ria Johanna C\u00edm: 1139 Budapest, Orsz\u00e1gb\u00edr\u00f3 u. 42. 5\/118 E-mail: info@lovely-home.hu Web: https:\/\/lovely-home.hu Ad\u00f3sz\u00e1m: 66808761-1-41 \u00a0 A honlap t\u00e1rhely szolg\u00e1ltat\u00f3ja: Code4flow Korl\u00e1tolt Felel\u0151ss\u00e9g\u0171 T\u00e1rsas\u00e1g 6721 Szeged, Szil\u00e1gyi utca 2. contact@code4flow.com Web:\u00a0https:\/\/code4flow.com Ad\u00f3sz\u00e1m:\u00a026733865-2-06<\/p>","protected":false},"author":1,"featured_media":0,"parent":0,"menu_order":0,"comment_status":"closed","ping_status":"closed","template":"","meta":{"footnotes":""},"class_list":["post-312","page","type-page","status-publish","hentry"],"yoast_head":"<!-- This site is optimized with the Yoast SEO plugin v27.2 - https:\/\/yoast.com\/product\/yoast-seo-wordpress\/ -->\n<title>Impresszum - Lovely-home<\/title>\n<meta name=\"robots\" content=\"index, follow, max-snippet:-1, max-image-preview:large, max-video-preview:-1\" \/>\n<link rel=\"canonical\" href=\"https:\/\/lovely-home.hu\/en\/impresszum\/\" \/>\n<meta property=\"og:locale\" content=\"en_GB\" \/>\n<meta property=\"og:type\" content=\"article\" \/>\n<meta property=\"og:title\" content=\"Impresszum - Lovely-home\" \/>\n<meta property=\"og:description\" content=\"A honlap fenntart\u00f3ja \u00e9s tulajdonosa: N\u00e9v: So\u00f3s-V\u00e1ri M\u00e1ria Johanna C\u00edm: 1139 Budapest, Orsz\u00e1gb\u00edr\u00f3 u. 42. 5\/118 E-mail: info@lovely-home.hu Web: https:\/\/lovely-home.hu Ad\u00f3sz\u00e1m: 66808761-1-41 \u00a0 A honlap t\u00e1rhely szolg\u00e1ltat\u00f3ja: Code4flow Korl\u00e1tolt Felel\u0151ss\u00e9g\u0171 T\u00e1rsas\u00e1g 6721 Szeged, Szil\u00e1gyi utca 2. contact@code4flow.com Web:\u00a0https:\/\/code4flow.com Ad\u00f3sz\u00e1m:\u00a026733865-2-06\" \/>\n<meta property=\"og:url\" content=\"https:\/\/lovely-home.hu\/en\/impresszum\/\" \/>\n<meta property=\"og:site_name\" content=\"Lovely-home\" \/>\n<meta property=\"article:modified_time\" content=\"2024-01-14T19:07:53+00:00\" \/>\n<meta property=\"og:image\" content=\"https:\/\/lovely-home.hu\/wp-content\/uploads\/2024\/01\/IMG_2221-masolat-Nagy.jpg\" \/>\n\t<meta property=\"og:image:width\" content=\"1440\" \/>\n\t<meta property=\"og:image:height\" content=\"1080\" \/>\n\t<meta property=\"og:image:type\" content=\"image\/jpeg\" \/>\n<meta name=\"twitter:card\" content=\"summary_large_image\" \/>\n<meta name=\"twitter:label1\" content=\"Estimated reading time\" \/>\n\t<meta name=\"twitter:data1\" content=\"1 minute\" \/>\n<script type=\"application\/ld+json\" class=\"yoast-schema-graph\">{\"@context\":\"https:\/\/schema.org\",\"@graph\":[{\"@type\":\"WebPage\",\"@id\":\"https:\/\/lovely-home.hu\/impresszum\/\",\"url\":\"https:\/\/lovely-home.hu\/impresszum\/\",\"name\":\"Impresszum - Lovely-home\",\"isPartOf\":{\"@id\":\"https:\/\/lovely-home.hu\/#website\"},\"datePublished\":\"2024-01-14T19:07:20+00:00\",\"dateModified\":\"2024-01-14T19:07:53+00:00\",\"breadcrumb\":{\"@id\":\"https:\/\/lovely-home.hu\/impresszum\/#breadcrumb\"},\"inLanguage\":\"en-GB\",\"potentialAction\":[{\"@type\":\"ReadAction\",\"target\":[\"https:\/\/lovely-home.hu\/impresszum\/\"]}]},{\"@type\":\"BreadcrumbList\",\"@id\":\"https:\/\/lovely-home.hu\/impresszum\/#breadcrumb\",\"itemListElement\":[{\"@type\":\"ListItem\",\"position\":1,\"name\":\"Kezd\u0151lap\",\"item\":\"https:\/\/lovely-home.hu\/\"},{\"@type\":\"ListItem\",\"position\":2,\"name\":\"Impresszum\"}]},{\"@type\":\"WebSite\",\"@id\":\"https:\/\/lovely-home.hu\/#website\",\"url\":\"https:\/\/lovely-home.hu\/\",\"name\":\"Lovely-home\",\"description\":\"Kiad\u00f3 lak\u00e1s Angyalf\u00f6ld\u00f6n priv\u00e1t parkol\u00f3val\",\"publisher\":{\"@id\":\"https:\/\/lovely-home.hu\/#organization\"},\"potentialAction\":[{\"@type\":\"SearchAction\",\"target\":{\"@type\":\"EntryPoint\",\"urlTemplate\":\"https:\/\/lovely-home.hu\/?s={search_term_string}\"},\"query-input\":{\"@type\":\"PropertyValueSpecification\",\"valueRequired\":true,\"valueName\":\"search_term_string\"}}],\"inLanguage\":\"en-GB\"},{\"@type\":\"Organization\",\"@id\":\"https:\/\/lovely-home.hu\/#organization\",\"name\":\"Lovely-home\",\"url\":\"https:\/\/lovely-home.hu\/\",\"logo\":{\"@type\":\"ImageObject\",\"inLanguage\":\"en-GB\",\"@id\":\"https:\/\/lovely-home.hu\/#\/schema\/logo\/image\/\",\"url\":\"https:\/\/lovely-home.hu\/wp-content\/uploads\/2024\/01\/cropped-logo-masolat-1.png\",\"contentUrl\":\"https:\/\/lovely-home.hu\/wp-content\/uploads\/2024\/01\/cropped-logo-masolat-1.png\",\"width\":425,\"height\":171,\"caption\":\"Lovely-home\"},\"image\":{\"@id\":\"https:\/\/lovely-home.hu\/#\/schema\/logo\/image\/\"}}]}<\/script>\n<!-- \/ Yoast SEO plugin. -->","yoast_head_json":{"title":"Impresszum - Lovely-home","robots":{"index":"index","follow":"follow","max-snippet":"max-snippet:-1","max-image-preview":"max-image-preview:large","max-video-preview":"max-video-preview:-1"},"canonical":"https:\/\/lovely-home.hu\/en\/impresszum\/","og_locale":"en_GB","og_type":"article","og_title":"Impresszum - Lovely-home","og_description":"A honlap fenntart\u00f3ja \u00e9s tulajdonosa: N\u00e9v: So\u00f3s-V\u00e1ri M\u00e1ria Johanna C\u00edm: 1139 Budapest, Orsz\u00e1gb\u00edr\u00f3 u. 42. 5\/118 E-mail: info@lovely-home.hu Web: https:\/\/lovely-home.hu Ad\u00f3sz\u00e1m: 66808761-1-41 \u00a0 A honlap t\u00e1rhely szolg\u00e1ltat\u00f3ja: Code4flow Korl\u00e1tolt Felel\u0151ss\u00e9g\u0171 T\u00e1rsas\u00e1g 6721 Szeged, Szil\u00e1gyi utca 2. contact@code4flow.com Web:\u00a0https:\/\/code4flow.com Ad\u00f3sz\u00e1m:\u00a026733865-2-06","og_url":"https:\/\/lovely-home.hu\/en\/impresszum\/","og_site_name":"Lovely-home","article_modified_time":"2024-01-14T19:07:53+00:00","og_image":[{"width":1440,"height":1080,"url":"https:\/\/lovely-home.hu\/wp-content\/uploads\/2024\/01\/IMG_2221-masolat-Nagy.jpg","type":"image\/jpeg"}],"twitter_card":"summary_large_image","twitter_misc":{"Estimated reading time":"1 minute"},"schema":{"@context":"https:\/\/schema.org","@graph":[{"@type":"WebPage","@id":"https:\/\/lovely-home.hu\/impresszum\/","url":"https:\/\/lovely-home.hu\/impresszum\/","name":"Impresszum - Lovely-home","isPartOf":{"@id":"https:\/\/lovely-home.hu\/#website"},"datePublished":"2024-01-14T19:07:20+00:00","dateModified":"2024-01-14T19:07:53+00:00","breadcrumb":{"@id":"https:\/\/lovely-home.hu\/impresszum\/#breadcrumb"},"inLanguage":"en-GB","potentialAction":[{"@type":"ReadAction","target":["https:\/\/lovely-home.hu\/impresszum\/"]}]},{"@type":"BreadcrumbList","@id":"https:\/\/lovely-home.hu\/impresszum\/#breadcrumb","itemListElement":[{"@type":"ListItem","position":1,"name":"Kezd\u0151lap","item":"https:\/\/lovely-home.hu\/"},{"@type":"ListItem","position":2,"name":"Impresszum"}]},{"@type":"WebSite","@id":"https:\/\/lovely-home.hu\/#website","url":"https:\/\/lovely-home.hu\/","name":"Lovely-home","description":"Apartment for rent in Angyalf\u00f6ld with private parking","publisher":{"@id":"https:\/\/lovely-home.hu\/#organization"},"potentialAction":[{"@type":"SearchAction","target":{"@type":"EntryPoint","urlTemplate":"https:\/\/lovely-home.hu\/?s={search_term_string}"},"query-input":{"@type":"PropertyValueSpecification","valueRequired":true,"valueName":"search_term_string"}}],"inLanguage":"en-GB"},{"@type":"Organization","@id":"https:\/\/lovely-home.hu\/#organization","name":"Lovely-home","url":"https:\/\/lovely-home.hu\/","logo":{"@type":"ImageObject","inLanguage":"en-GB","@id":"https:\/\/lovely-home.hu\/#\/schema\/logo\/image\/","url":"https:\/\/lovely-home.hu\/wp-content\/uploads\/2024\/01\/cropped-logo-masolat-1.png","contentUrl":"https:\/\/lovely-home.hu\/wp-content\/uploads\/2024\/01\/cropped-logo-masolat-1.png","width":425,"height":171,"caption":"Lovely-home"},"image":{"@id":"https:\/\/lovely-home.hu\/#\/schema\/logo\/image\/"}}]}},"_links":{"self":[{"href":"https:\/\/lovely-home.hu\/en\/wp-json\/wp\/v2\/pages\/312","targetHints":{"allow":["GET"]}}],"collection":[{"href":"https:\/\/lovely-home.hu\/en\/wp-json\/wp\/v2\/pages"}],"about":[{"href":"https:\/\/lovely-home.hu\/en\/wp-json\/wp\/v2\/types\/page"}],"author":[{"embeddable":true,"href":"https:\/\/lovely-home.hu\/en\/wp-json\/wp\/v2\/users\/1"}],"replies":[{"embeddable":true,"href":"https:\/\/lovely-home.hu\/en\/wp-json\/wp\/v2\/comments?post=312"}],"version-history":[{"count":4,"href":"https:\/\/lovely-home.hu\/en\/wp-json\/wp\/v2\/pages\/312\/revisions"}],"predecessor-version":[{"id":316,"href":"https:\/\/lovely-home.hu\/en\/wp-json\/wp\/v2\/pages\/312\/revisions\/316"}],"wp:attachment":[{"href":"https:\/\/lovely-home.hu\/en\/wp-json\/wp\/v2\/media?parent=312"}],"curies":[{"name":"wp","href":"https:\/\/api.w.org\/{rel}","templated":true}]}}